{"id":37,"date":"2016-05-04T16:30:57","date_gmt":"2016-05-04T16:30:57","guid":{"rendered":"http:\/\/64.207.144.175\/endo\/?page_id=37"},"modified":"2022-05-08T22:27:27","modified_gmt":"2022-05-08T19:27:27","slug":"about-bims-design-interior","status":"publish","type":"page","link":"https:\/\/bimsdesign.com\/ro\/about-bims-design-interior\/","title":{"rendered":"Despre noi"},"content":{"rendered":"<h1 style=\"text-align: center; font-weight: 400;\">Amestec\u00e2nd elegan\u021ba contemporan\u0103<br \/>\ncu <strong>estetica retro<\/strong><\/h1>\n<p style=\"text-align: center; font-weight: 400;\">BIMs Design este un studio de design interior cu activitate fizic\u0103 \u00een Timi\u0219oara \u0219i Baia Mare, care se concentreaz\u0103 pe piesele de mobilier contemporane amestecate cu un decor elegant.<br \/>\nContrastul dintre estetica nou\u0103 \u0219i cea atemporal\u0103 determin\u0103 sc\u00e2nteia ideilor noastre.<\/p>\n<p style=\"text-align: center; font-weight: 400;\">Also our Design Studio works across multiple industries from designing hospitality, retail and office spaces to residential interior projects.<br \/>\nIf you like our ideas and want to collaborate with us on an interior design project please follow the instruction from the <a href=\"https:\/\/bimsdesign.com\/ro\/contact-page\/\">Contact page!<\/a><\/p>\n<p><img fetchpriority=\"high\" decoding=\"async\" class=\"aligncenter wp-image-183 size-full\" alt=\"about-bims-design\" style=\"opacity: 1; outline: none;\" src=\"https:\/\/bimsdesign.com\/wp-content\/uploads\/2016\/05\/about.jpg?resize=1009%2C602\" sizes=\"(max-width: 1009px) 100vw, 1009px\" srcset=\"https:\/\/bimsdesign.com\/wp-content\/uploads\/2016\/05\/about.jpg?w=1009 1009w, https:\/\/bimsdesign.com\/wp-content\/uploads\/2016\/05\/about.jpg?resize=300%2C179 300w, https:\/\/bimsdesign.com\/wp-content\/uploads\/2016\/05\/about.jpg?resize=768%2C458 768w, https:\/\/bimsdesign.com\/wp-content\/uploads\/2016\/05\/about.jpg?resize=690%2C412 690w, https:\/\/bimsdesign.com\/wp-content\/uploads\/2016\/05\/about.jpg?resize=800%2C477 800w\" width=\"1009\" height=\"602\"><\/p>","protected":false},"excerpt":{"rendered":"<p>Mixing contemporary chic with retro aesthetics. BIMs Design is an interior design studio based in Timisoara and Baia Mare that focuses on contemporary furniture pieces mixed with chic decor. The contrast between the new and timeless aesthetics drives the spark of our ideas. Also our Design Studio works across multiple industries from designing hospitality, retail&hellip;<\/p>\n<a class=\"read-more-link\" href=\" https:\/\/bimsdesign.com\/ro\/about-bims-design-interior\/ \">Read More<\/a>","protected":false},"author":1,"featured_media":0,"parent":0,"menu_order":-1,"comment_status":"closed","ping_status":"closed","template":"templates\/template-me1.php","meta":{"footnotes":""},"yoast_head":"<!-- This site is optimized with the Yoast SEO plugin v22.0 - https:\/\/yoast.com\/wordpress\/plugins\/seo\/ -->\n<title>About - BIMs Design Interior Studio<\/title>\n<meta name=\"description\" content=\"BIMs Design - Interior Design - Our studio is based in Baia Mare and Timisoara that focuses on all sorts of styles mixed with chic decor.\" \/>\n<meta name=\"robots\" content=\"index, follow, max-snippet:-1, max-image-preview:large, max-video-preview:-1\" \/>\n<link rel=\"canonical\" href=\"https:\/\/bimsdesign.com\/ro\/about-bims-design-interior\/\" \/>\n<meta property=\"og:locale\" content=\"ro_RO\" \/>\n<meta property=\"og:type\" content=\"article\" \/>\n<meta property=\"og:title\" content=\"About - BIMs Design Interior Studio\" \/>\n<meta property=\"og:description\" content=\"BIMs Design - Interior Design - Our studio is based in Baia Mare and Timisoara that focuses on all sorts of styles mixed with chic decor.\" \/>\n<meta property=\"og:url\" content=\"https:\/\/bimsdesign.com\/ro\/about-bims-design-interior\/\" \/>\n<meta property=\"og:site_name\" content=\"BIMs Design\" \/>\n<meta property=\"article:publisher\" content=\"https:\/\/www.facebook.com\/BIMsDesignStudio\" \/>\n<meta property=\"article:modified_time\" content=\"2022-05-08T19:27:27+00:00\" \/>\n<meta property=\"og:image\" content=\"https:\/\/bimsdesign.com\/wp-content\/uploads\/2016\/05\/about.jpg?resize=1009%2C602\" \/>\n<meta name=\"twitter:card\" content=\"summary_large_image\" \/>\n<meta name=\"twitter:label1\" content=\"Timp estimat pentru citire\" \/>\n\t<meta name=\"twitter:data1\" content=\"1 minut\" \/>\n<script type=\"application\/ld+json\" class=\"yoast-schema-graph\">{\"@context\":\"https:\/\/schema.org\",\"@graph\":[{\"@type\":\"WebPage\",\"@id\":\"https:\/\/bimsdesign.com\/about-bims-design-interior\/\",\"url\":\"https:\/\/bimsdesign.com\/about-bims-design-interior\/\",\"name\":\"About - BIMs Design Interior Studio\",\"isPartOf\":{\"@id\":\"https:\/\/bimsdesign.com\/#website\"},\"datePublished\":\"2016-05-04T16:30:57+00:00\",\"dateModified\":\"2022-05-08T19:27:27+00:00\",\"description\":\"BIMs Design - Interior Design - Our studio is based in Baia Mare and Timisoara that focuses on all sorts of styles mixed with chic decor.\",\"breadcrumb\":{\"@id\":\"https:\/\/bimsdesign.com\/about-bims-design-interior\/#breadcrumb\"},\"inLanguage\":\"ro-RO\",\"potentialAction\":[{\"@type\":\"ReadAction\",\"target\":[\"https:\/\/bimsdesign.com\/about-bims-design-interior\/\"]}]},{\"@type\":\"BreadcrumbList\",\"@id\":\"https:\/\/bimsdesign.com\/about-bims-design-interior\/#breadcrumb\",\"itemListElement\":[{\"@type\":\"ListItem\",\"position\":1,\"name\":\"Home\",\"item\":\"https:\/\/bimsdesign.com\/\"},{\"@type\":\"ListItem\",\"position\":2,\"name\":\"About\"}]},{\"@type\":\"WebSite\",\"@id\":\"https:\/\/bimsdesign.com\/#website\",\"url\":\"https:\/\/bimsdesign.com\/\",\"name\":\"BIMs Design\",\"description\":\"BIMsDesign Interior Design\",\"publisher\":{\"@id\":\"https:\/\/bimsdesign.com\/#organization\"},\"potentialAction\":[{\"@type\":\"SearchAction\",\"target\":{\"@type\":\"EntryPoint\",\"urlTemplate\":\"https:\/\/bimsdesign.com\/?s={search_term_string}\"},\"query-input\":\"required name=search_term_string\"}],\"inLanguage\":\"ro-RO\"},{\"@type\":\"Organization\",\"@id\":\"https:\/\/bimsdesign.com\/#organization\",\"name\":\"BIMs Design\",\"url\":\"https:\/\/bimsdesign.com\/\",\"logo\":{\"@type\":\"ImageObject\",\"inLanguage\":\"ro-RO\",\"@id\":\"https:\/\/bimsdesign.com\/#\/schema\/logo\/image\/\",\"url\":\"https:\/\/bimsdesign.com\/wp-content\/uploads\/2020\/11\/LogoBimsDesign512x512.jpg\",\"contentUrl\":\"https:\/\/bimsdesign.com\/wp-content\/uploads\/2020\/11\/LogoBimsDesign512x512.jpg\",\"width\":512,\"height\":512,\"caption\":\"BIMs Design\"},\"image\":{\"@id\":\"https:\/\/bimsdesign.com\/#\/schema\/logo\/image\/\"},\"sameAs\":[\"https:\/\/www.facebook.com\/BIMsDesignStudio\",\"https:\/\/www.instagram.com\/bimsdesign\/\"]}]}<\/script>\n<!-- \/ Yoast SEO plugin. -->","yoast_head_json":{"title":"About - BIMs Design Interior Studio","description":"BIMs Design - Interior Design - Our studio is based in Baia Mare and Timisoara that focuses on all sorts of styles mixed with chic decor.","robots":{"index":"index","follow":"follow","max-snippet":"max-snippet:-1","max-image-preview":"max-image-preview:large","max-video-preview":"max-video-preview:-1"},"canonical":"https:\/\/bimsdesign.com\/ro\/about-bims-design-interior\/","og_locale":"ro_RO","og_type":"article","og_title":"About - BIMs Design Interior Studio","og_description":"BIMs Design - Interior Design - Our studio is based in Baia Mare and Timisoara that focuses on all sorts of styles mixed with chic decor.","og_url":"https:\/\/bimsdesign.com\/ro\/about-bims-design-interior\/","og_site_name":"BIMs Design","article_publisher":"https:\/\/www.facebook.com\/BIMsDesignStudio","article_modified_time":"2022-05-08T19:27:27+00:00","og_image":[{"url":"https:\/\/bimsdesign.com\/wp-content\/uploads\/2016\/05\/about.jpg?resize=1009%2C602"}],"twitter_card":"summary_large_image","twitter_misc":{"Timp estimat pentru citire":"1 minut"},"schema":{"@context":"https:\/\/schema.org","@graph":[{"@type":"WebPage","@id":"https:\/\/bimsdesign.com\/about-bims-design-interior\/","url":"https:\/\/bimsdesign.com\/about-bims-design-interior\/","name":"About - BIMs Design Interior Studio","isPartOf":{"@id":"https:\/\/bimsdesign.com\/#website"},"datePublished":"2016-05-04T16:30:57+00:00","dateModified":"2022-05-08T19:27:27+00:00","description":"BIMs Design - Interior Design - Our studio is based in Baia Mare and Timisoara that focuses on all sorts of styles mixed with chic decor.","breadcrumb":{"@id":"https:\/\/bimsdesign.com\/about-bims-design-interior\/#breadcrumb"},"inLanguage":"ro-RO","potentialAction":[{"@type":"ReadAction","target":["https:\/\/bimsdesign.com\/about-bims-design-interior\/"]}]},{"@type":"BreadcrumbList","@id":"https:\/\/bimsdesign.com\/about-bims-design-interior\/#breadcrumb","itemListElement":[{"@type":"ListItem","position":1,"name":"Home","item":"https:\/\/bimsdesign.com\/"},{"@type":"ListItem","position":2,"name":"About"}]},{"@type":"WebSite","@id":"https:\/\/bimsdesign.com\/#website","url":"https:\/\/bimsdesign.com\/","name":"BIMs Design","description":"BIMsDesign Interior Design","publisher":{"@id":"https:\/\/bimsdesign.com\/#organization"},"potentialAction":[{"@type":"SearchAction","target":{"@type":"EntryPoint","urlTemplate":"https:\/\/bimsdesign.com\/?s={search_term_string}"},"query-input":"required name=search_term_string"}],"inLanguage":"ro-RO"},{"@type":"Organization","@id":"https:\/\/bimsdesign.com\/#organization","name":"BIMs Design","url":"https:\/\/bimsdesign.com\/","logo":{"@type":"ImageObject","inLanguage":"ro-RO","@id":"https:\/\/bimsdesign.com\/#\/schema\/logo\/image\/","url":"https:\/\/bimsdesign.com\/wp-content\/uploads\/2020\/11\/LogoBimsDesign512x512.jpg","contentUrl":"https:\/\/bimsdesign.com\/wp-content\/uploads\/2020\/11\/LogoBimsDesign512x512.jpg","width":512,"height":512,"caption":"BIMs Design"},"image":{"@id":"https:\/\/bimsdesign.com\/#\/schema\/logo\/image\/"},"sameAs":["https:\/\/www.facebook.com\/BIMsDesignStudio","https:\/\/www.instagram.com\/bimsdesign\/"]}]}},"_links":{"self":[{"href":"https:\/\/bimsdesign.com\/ro\/wp-json\/wp\/v2\/pages\/37"}],"collection":[{"href":"https:\/\/bimsdesign.com\/ro\/wp-json\/wp\/v2\/pages"}],"about":[{"href":"https:\/\/bimsdesign.com\/ro\/wp-json\/wp\/v2\/types\/page"}],"author":[{"embeddable":true,"href":"https:\/\/bimsdesign.com\/ro\/wp-json\/wp\/v2\/users\/1"}],"replies":[{"embeddable":true,"href":"https:\/\/bimsdesign.com\/ro\/wp-json\/wp\/v2\/comments?post=37"}],"version-history":[{"count":29,"href":"https:\/\/bimsdesign.com\/ro\/wp-json\/wp\/v2\/pages\/37\/revisions"}],"predecessor-version":[{"id":1849,"href":"https:\/\/bimsdesign.com\/ro\/wp-json\/wp\/v2\/pages\/37\/revisions\/1849"}],"wp:attachment":[{"href":"https:\/\/bimsdesign.com\/ro\/wp-json\/wp\/v2\/media?parent=37"}],"curies":[{"name":"wp","href":"https:\/\/api.w.org\/{rel}","templated":true}]}}