{"id":794,"date":"2017-07-21T10:47:59","date_gmt":"2017-07-21T07:47:59","guid":{"rendered":"http:\/\/ippo1.tkdemos.com\/contact-page\/"},"modified":"2025-03-19T09:44:50","modified_gmt":"2025-03-19T07:44:50","slug":"contact-page-bims-design-interior","status":"publish","type":"page","link":"https:\/\/bimsdesign.com\/ro\/contact-page-bims-design-interior\/","title":{"rendered":"Contact"},"content":{"rendered":"<p class=\"half-width\"><span style=\"color: #000000;\"><strong>Bun\u0103! Studioul nostru de Design activeaz\u0103 \u00een prezent \u00een ora\u0219ele Baia Mare \u0219i Timi\u0219oara, Rom\u00e2nia, dar cu posibilitatea unei colabor\u0103ri online la distan\u021b\u0103 \u0219i \u00een alte loca\u021bii.<\/strong><\/span><\/p>\n<p class=\"half-width\"><span style=\"color: #000000;\"><strong>Dac\u0103 \u00eent\u00e2mpina\u021bi impedimente \u00een amenajarea spa\u021biului dvs. \u0219i dori\u021bi o consultan\u021b\u0103 sau un proiect de amenajare interioar\u0103 v\u0103 rug\u0103m s\u0103:<\/strong><\/span><\/p>\n<p>Trimite\u021bi propunerile dvs. la:<br \/>\n<a href=\"#\">contact@bimsdesign.com<\/a><\/p>\n<p>Pute\u021bi s\u0103 ne scrieti \u0219i prin completarea formularului de contact de mai jos.<br \/>\n<div class=\"tk-contact-form\">\n\t\t\t\t\t<form method=\"GET\" id=\"contactform\" class=\"contact-form\" action=\"#\" data-trp-original-action=\"#\" >\n\t\t\t\t\t\t<div>\n\t\t\t\t\t\t\t<textarea placeholder=\"Message&nbsp;*\" name=\"message\" id=\"contactmessage\" rows=\"6\"><\/textarea>\n\t\t\t\t\t\t<\/div>\n\t\t\t\t\t\t<div class=\"small-input\">\n\t\t\t\t\t\t\t<input type=\"text\" name=\"contactname\" id=\"contactname\" placeholder=\"Name&nbsp;*\">\n\t\t\t\t\t\t<\/div>\n\t\t\t\t\t\t<div class=\"small-input last\">\n\t\t\t\t\t\t\t<input type=\"text\" name=\"email\" id=\"contactemail\" placeholder=\"Email&nbsp;*\">\n\t\t\t\t\t\t<\/div>\n\t\t\t\t\t\t<div class=\"contact-submit\">\n\t\t\t\t\t\t\t<input name=\"submit\" type=\"submit\" id=\"send_contact\" value=\"Send\">\n\t\t\t\t\t\t<\/div>\n\t\t\t\t\t\t<div id=\"contact-error\"><\/div>\n\t\t\t\t\t<input type=\"hidden\" name=\"trp-form-language\" value=\"ro\"\/><\/form>\n\t\t\t\t<\/div><\/p>\n<p class=\"half-width\"><span style=\"color: #000000;\"><strong>Dac\u0103 ave\u021bi nevoie de mai multe detalii despre cum pute\u021bi s\u0103 ne g\u0103si\u021bi v\u0103 rug\u0103m s\u0103 completa\u021bi formularul de contact de mai sus sau sa ne suna\u021bi! V\u0103 mul\u021bumim!<\/strong><\/span><\/p>","protected":false},"excerpt":{"rendered":"<p>Hi! Our Design Studio currently operates physically in the cities of Baia Mare and Timi\u0219oara, Romania, but with the possibility of an online collaboration at distance in other locations. If you need a great interior design or an consultation from us please: Send your proposals to: contact@bimsdesign.com You can write us by filling in the&hellip;<\/p>\n<a class=\"read-more-link\" href=\" https:\/\/bimsdesign.com\/ro\/contact-page-bims-design-interior\/ \">Read More<\/a>","protected":false},"author":1,"featured_media":0,"parent":0,"menu_order":0,"comment_status":"closed","ping_status":"closed","template":"","meta":{"footnotes":""},"yoast_head":"<!-- This site is optimized with the Yoast SEO plugin v22.0 - https:\/\/yoast.com\/wordpress\/plugins\/seo\/ -->\n<title>Contact - BIMs Design Interior Studio<\/title>\n<meta name=\"description\" content=\"BIMs Design - Interior Design - Our studio is based in Baia Mare and Timisoara that focuses on all sorts of styles mixed with chic decor.\" \/>\n<meta name=\"robots\" content=\"index, follow, max-snippet:-1, max-image-preview:large, max-video-preview:-1\" \/>\n<link rel=\"canonical\" href=\"https:\/\/bimsdesign.com\/ro\/contact-page-bims-design-interior\/\" \/>\n<meta property=\"og:locale\" content=\"ro_RO\" \/>\n<meta property=\"og:type\" content=\"article\" \/>\n<meta property=\"og:title\" content=\"Contact - BIMs Design Interior Studio\" \/>\n<meta property=\"og:description\" content=\"BIMs Design - Interior Design - Our studio is based in Baia Mare and Timisoara that focuses on all sorts of styles mixed with chic decor.\" \/>\n<meta property=\"og:url\" content=\"https:\/\/bimsdesign.com\/ro\/contact-page-bims-design-interior\/\" \/>\n<meta property=\"og:site_name\" content=\"BIMs Design\" \/>\n<meta property=\"article:publisher\" content=\"https:\/\/www.facebook.com\/BIMsDesignStudio\" \/>\n<meta property=\"article:modified_time\" content=\"2025-03-19T07:44:50+00:00\" \/>\n<meta name=\"twitter:card\" content=\"summary_large_image\" \/>\n<meta name=\"twitter:label1\" content=\"Timp estimat pentru citire\" \/>\n\t<meta name=\"twitter:data1\" content=\"1 minut\" \/>\n<script type=\"application\/ld+json\" class=\"yoast-schema-graph\">{\"@context\":\"https:\/\/schema.org\",\"@graph\":[{\"@type\":\"WebPage\",\"@id\":\"https:\/\/bimsdesign.com\/contact-page-bims-design-interior\/\",\"url\":\"https:\/\/bimsdesign.com\/contact-page-bims-design-interior\/\",\"name\":\"Contact - BIMs Design Interior Studio\",\"isPartOf\":{\"@id\":\"https:\/\/bimsdesign.com\/#website\"},\"datePublished\":\"2017-07-21T07:47:59+00:00\",\"dateModified\":\"2025-03-19T07:44:50+00:00\",\"description\":\"BIMs Design - Interior Design - Our studio is based in Baia Mare and Timisoara that focuses on all sorts of styles mixed with chic decor.\",\"breadcrumb\":{\"@id\":\"https:\/\/bimsdesign.com\/contact-page-bims-design-interior\/#breadcrumb\"},\"inLanguage\":\"ro-RO\",\"potentialAction\":[{\"@type\":\"ReadAction\",\"target\":[\"https:\/\/bimsdesign.com\/contact-page-bims-design-interior\/\"]}]},{\"@type\":\"BreadcrumbList\",\"@id\":\"https:\/\/bimsdesign.com\/contact-page-bims-design-interior\/#breadcrumb\",\"itemListElement\":[{\"@type\":\"ListItem\",\"position\":1,\"name\":\"Home\",\"item\":\"https:\/\/bimsdesign.com\/\"},{\"@type\":\"ListItem\",\"position\":2,\"name\":\"Contact\"}]},{\"@type\":\"WebSite\",\"@id\":\"https:\/\/bimsdesign.com\/#website\",\"url\":\"https:\/\/bimsdesign.com\/\",\"name\":\"BIMs Design\",\"description\":\"BIMsDesign Interior Design\",\"publisher\":{\"@id\":\"https:\/\/bimsdesign.com\/#organization\"},\"potentialAction\":[{\"@type\":\"SearchAction\",\"target\":{\"@type\":\"EntryPoint\",\"urlTemplate\":\"https:\/\/bimsdesign.com\/?s={search_term_string}\"},\"query-input\":\"required name=search_term_string\"}],\"inLanguage\":\"ro-RO\"},{\"@type\":\"Organization\",\"@id\":\"https:\/\/bimsdesign.com\/#organization\",\"name\":\"BIMs Design\",\"url\":\"https:\/\/bimsdesign.com\/\",\"logo\":{\"@type\":\"ImageObject\",\"inLanguage\":\"ro-RO\",\"@id\":\"https:\/\/bimsdesign.com\/#\/schema\/logo\/image\/\",\"url\":\"https:\/\/bimsdesign.com\/wp-content\/uploads\/2020\/11\/LogoBimsDesign512x512.jpg\",\"contentUrl\":\"https:\/\/bimsdesign.com\/wp-content\/uploads\/2020\/11\/LogoBimsDesign512x512.jpg\",\"width\":512,\"height\":512,\"caption\":\"BIMs Design\"},\"image\":{\"@id\":\"https:\/\/bimsdesign.com\/#\/schema\/logo\/image\/\"},\"sameAs\":[\"https:\/\/www.facebook.com\/BIMsDesignStudio\",\"https:\/\/www.instagram.com\/bimsdesign\/\"]}]}<\/script>\n<!-- \/ Yoast SEO plugin. -->","yoast_head_json":{"title":"Contact - BIMs Design Interior Studio","description":"BIMs Design - Interior Design - Our studio is based in Baia Mare and Timisoara that focuses on all sorts of styles mixed with chic decor.","robots":{"index":"index","follow":"follow","max-snippet":"max-snippet:-1","max-image-preview":"max-image-preview:large","max-video-preview":"max-video-preview:-1"},"canonical":"https:\/\/bimsdesign.com\/ro\/contact-page-bims-design-interior\/","og_locale":"ro_RO","og_type":"article","og_title":"Contact - BIMs Design Interior Studio","og_description":"BIMs Design - Interior Design - Our studio is based in Baia Mare and Timisoara that focuses on all sorts of styles mixed with chic decor.","og_url":"https:\/\/bimsdesign.com\/ro\/contact-page-bims-design-interior\/","og_site_name":"BIMs Design","article_publisher":"https:\/\/www.facebook.com\/BIMsDesignStudio","article_modified_time":"2025-03-19T07:44:50+00:00","twitter_card":"summary_large_image","twitter_misc":{"Timp estimat pentru citire":"1 minut"},"schema":{"@context":"https:\/\/schema.org","@graph":[{"@type":"WebPage","@id":"https:\/\/bimsdesign.com\/contact-page-bims-design-interior\/","url":"https:\/\/bimsdesign.com\/contact-page-bims-design-interior\/","name":"Contact - BIMs Design Interior Studio","isPartOf":{"@id":"https:\/\/bimsdesign.com\/#website"},"datePublished":"2017-07-21T07:47:59+00:00","dateModified":"2025-03-19T07:44:50+00:00","description":"BIMs Design - Interior Design - Our studio is based in Baia Mare and Timisoara that focuses on all sorts of styles mixed with chic decor.","breadcrumb":{"@id":"https:\/\/bimsdesign.com\/contact-page-bims-design-interior\/#breadcrumb"},"inLanguage":"ro-RO","potentialAction":[{"@type":"ReadAction","target":["https:\/\/bimsdesign.com\/contact-page-bims-design-interior\/"]}]},{"@type":"BreadcrumbList","@id":"https:\/\/bimsdesign.com\/contact-page-bims-design-interior\/#breadcrumb","itemListElement":[{"@type":"ListItem","position":1,"name":"Home","item":"https:\/\/bimsdesign.com\/"},{"@type":"ListItem","position":2,"name":"Contact"}]},{"@type":"WebSite","@id":"https:\/\/bimsdesign.com\/#website","url":"https:\/\/bimsdesign.com\/","name":"BIMs Design","description":"BIMsDesign Interior Design","publisher":{"@id":"https:\/\/bimsdesign.com\/#organization"},"potentialAction":[{"@type":"SearchAction","target":{"@type":"EntryPoint","urlTemplate":"https:\/\/bimsdesign.com\/?s={search_term_string}"},"query-input":"required name=search_term_string"}],"inLanguage":"ro-RO"},{"@type":"Organization","@id":"https:\/\/bimsdesign.com\/#organization","name":"BIMs Design","url":"https:\/\/bimsdesign.com\/","logo":{"@type":"ImageObject","inLanguage":"ro-RO","@id":"https:\/\/bimsdesign.com\/#\/schema\/logo\/image\/","url":"https:\/\/bimsdesign.com\/wp-content\/uploads\/2020\/11\/LogoBimsDesign512x512.jpg","contentUrl":"https:\/\/bimsdesign.com\/wp-content\/uploads\/2020\/11\/LogoBimsDesign512x512.jpg","width":512,"height":512,"caption":"BIMs Design"},"image":{"@id":"https:\/\/bimsdesign.com\/#\/schema\/logo\/image\/"},"sameAs":["https:\/\/www.facebook.com\/BIMsDesignStudio","https:\/\/www.instagram.com\/bimsdesign\/"]}]}},"_links":{"self":[{"href":"https:\/\/bimsdesign.com\/ro\/wp-json\/wp\/v2\/pages\/794"}],"collection":[{"href":"https:\/\/bimsdesign.com\/ro\/wp-json\/wp\/v2\/pages"}],"about":[{"href":"https:\/\/bimsdesign.com\/ro\/wp-json\/wp\/v2\/types\/page"}],"author":[{"embeddable":true,"href":"https:\/\/bimsdesign.com\/ro\/wp-json\/wp\/v2\/users\/1"}],"replies":[{"embeddable":true,"href":"https:\/\/bimsdesign.com\/ro\/wp-json\/wp\/v2\/comments?post=794"}],"version-history":[{"count":34,"href":"https:\/\/bimsdesign.com\/ro\/wp-json\/wp\/v2\/pages\/794\/revisions"}],"predecessor-version":[{"id":2066,"href":"https:\/\/bimsdesign.com\/ro\/wp-json\/wp\/v2\/pages\/794\/revisions\/2066"}],"wp:attachment":[{"href":"https:\/\/bimsdesign.com\/ro\/wp-json\/wp\/v2\/media?parent=794"}],"curies":[{"name":"wp","href":"https:\/\/api.w.org\/{rel}","templated":true}]}}